{"id":1019,"date":"2017-08-01T10:27:45","date_gmt":"2017-08-01T10:27:45","guid":{"rendered":"https:\/\/www.three-tec.ch\/home\/"},"modified":"2025-11-28T14:15:13","modified_gmt":"2025-11-28T13:15:13","slug":"home","status":"publish","type":"page","link":"https:\/\/www.three-tec.ch\/en\/","title":{"rendered":"Home"},"content":{"rendered":"<a href=\"https:\/\/www.three-tec.ch\/en\/feeding-systems\/\" target=\"_self\"  aria-label=\"Go to https:\/\/www.three-tec.ch\/dosiergeraete\/\"><\/a>\n\t\t\t\t<img decoding=\"async\" src=\"https:\/\/www.three-tec.ch\/wp-content\/uploads\/2023\/02\/Dosiergeraete.jpg\" alt=\"Feeding systems\" title=\"Feeding systems\" itemprop=\"image\"\/>\n\t\t<h3>Feeding<\/h3>\t\t\t\n\t\t\t\t<p>Feeding systems for the precise feeding of various materials<\/p>\n\t<a href=\"https:\/\/www.three-tec.ch\/en\/extruder\/\" target=\"_self\"  aria-label=\"Go to https:\/\/www.three-tec.ch\/extruder\/\"><\/a>\n\t\t\t\t<img decoding=\"async\" src=\"https:\/\/www.three-tec.ch\/wp-content\/uploads\/2025\/04\/Extruder_H.jpg\" alt=\"Extruder_H\" title=\"Extruder_H\" itemprop=\"image\"\/>\n\t\t<h3>Extrusion<\/h3>\t\t\t\n\t\t\t\t<p>Extruder for small quantities up to production scale<\/p>\n\t<a href=\"https:\/\/www.three-tec.ch\/en\/process-equipment\/\" target=\"_self\"  aria-label=\"Go to https:\/\/www.three-tec.ch\/prozessequipment\/\"><\/a>\n\t\t\t\t<img decoding=\"async\" src=\"https:\/\/www.three-tec.ch\/wp-content\/uploads\/2025\/04\/PE_neu.jpg\" alt=\"PE_new\" title=\"PE_new\" itemprop=\"image\"\/>\n\t\t<h3>Process equipment<\/h3>\t\t\t\n\t\t\t\t<p>A wide range of peripheral devices for all needs<\/p>\n\t<a href=\"https:\/\/www.three-tec.ch\/en\/special-machinery\/\" target=\"_self\"  aria-label=\"Go to https:\/\/www.three-tec.ch\/sonderanlagen\/\"><\/a>\n\t\t\t\t<img decoding=\"async\" src=\"https:\/\/www.three-tec.ch\/wp-content\/uploads\/2023\/02\/Isolator_Prod_neu2.jpg\" alt=\"Insulator_Prod_new2\" title=\"Insulator_Prod_new2\" itemprop=\"image\"\/>\n\t\t<h3>Special machinery<\/h3>\t\t\t\n\t\t\t\t<p>Isolator High Containment, filling systems and more<\/p>\n\t<h2>\n\t\t\t\tThree-Tec - the right partner for you\n\t\t\t<\/h2>\n\t\t\t<p>Thanks to the in-house development and manufacturing of our products, we offer our customers the highest quality standards and customized solutions. Our products are Swiss Made: They are developed and manufactured at our site in Seon AG.<\/p>\t\n\t\t\t<h3>Swiss Quality<\/h3>\t\t\t\n\t\t\t\t<p>Highest quality standards are a matter of course for us. All our products are Swiss Made.<\/p>\n\t\t\t<h3>Flexibility<\/h3>\t\t\t\n\t\t\t\t<p>We offer our customers the greatest possible flexibility and shortest response times<\/p>\n\t\t\t<h3>Customized<\/h3>\t\t\t\n\t\t\t\t<p>Customized special solutions are our core competence<\/p>\n\t\t\t<h3>Experienced<\/h3>\t\t\t\n\t\t\t\t<p>Thanks to our many years of experience, we can find the right solution for all requirements<\/p>\n\t<h2>\n\t\t\t\tCareer\n\t\t\t<\/h2>\n\t\t\t<p>Versatile and interesting jobs, apprenticeships and internships - become a part of Three-Tec!<\/p>\t\n\t\t\t<a href=\"https:\/\/www.three-tec.ch\/en\/career\/#stellen\" title=\"Click here\" target=\"_self\"   role=\"button\" aria-label=\"To the job advertisements\">\n\t\t\t\t\t\t\tTo the job advertisements\n\t\t<\/a>\n\t<h2>\n\t\t\t\tTest laboratory\n\t\t\t<\/h2>\n\t\t\t<p>In our test lab, we offer you the perfect environment for all your needs. Test with your original products and our know-how.<\/p>\t\n\t\t\t\t<img decoding=\"async\" src=\"https:\/\/www.three-tec.ch\/wp-content\/uploads\/2025\/04\/VL2.jpg\" alt=\"VL2\" title=\"VL2\" itemprop=\"image\"\/>\n\t<h5>\n\t\t\t\tThe range of services in our test laboratory:\n\t\t\t<\/h5>\n\t<ul>\n\t\t\t<li>\n\t\t\t\tGravimetric and volumetric feeding\n\t\t\t<\/li>\n\t\t\t<li>\n\t\t\t\tExtrusion: melt extrusion, wet and melt pelletizing\n\t\t\t<\/li>\n\t\t\t<li>\n\t\t\t\tMixing\n\t\t\t<\/li>\n\t\t\t<li>\n\t\t\t\tContract manufacturing\n\t\t\t<\/li>\n\t\t\t<li>\n\t\t\t\tProcess development\n\t\t\t<\/li>\n\t\t\t<li>\n\t\t\t\tFeasibility studies\n\t\t\t<\/li>\n\t\t<\/ul>\n\t\t\t<a href=\"https:\/\/www.three-tec.ch\/en\/services\/#versuchslabor\" title=\"Click here\" target=\"_self\"   role=\"button\" aria-label=\"Discover our test laboratory\">\n\t\t\t\t\t\t\tDiscover our test laboratory\n\t\t<\/a>\n\t<h4>\n\t\t\t\tYour device is created\n\t\t\t<\/h4>\n\t\t\t<p>Each concept is developed and implemented in collaboration with the customer.<\/p>\t\n\t\t\t<a href=\"https:\/\/www.three-tec.ch\/en\/services\/#beratung\" title=\"Click here\" target=\"_self\"   role=\"button\" aria-label=\"How your device is created\">\n\t\t\t\t\t\t\tHow your device is created\n\t\t<\/a>\n\t<h4>\n\t\t\t\tTrainings\n\t\t\t<\/h4>\n\t\t\t<p>Our training courses provide you with the necessary knowledge on how to use our equipment optimally.<\/p>\t\n\t\t\t<a href=\"https:\/\/www.three-tec.ch\/en\/services\/#schulungen\" title=\"Click here\" target=\"_self\"   role=\"button\" aria-label=\"To the trainings\">\n\t\t\t\t\t\t\tTo the trainings\n\t\t<\/a>\n\t<h4>\n\t\t\t\t<a href=\"https:\/\/www.three-tec.ch\/en\/services\/\" title=\"Service &amp; Maintenance\" target=\"_self\"  aria-label=\"Go to https:\/\/www.three-tec.ch\/dienstleistungen\/\">\n\t\t\t\tService &amp; Maintenance\n\t\t\t\t<\/a>\n\t\t\t<\/h4>\n\t\t\t<p>We offer a wide range of services in addition to our products.<\/p>\t\n\t\t\t<a href=\"https:\/\/www.three-tec.ch\/en\/services\/#service\" title=\"Click here\" target=\"_self\"   role=\"button\" aria-label=\"Our services\">\n\t\t\t\t\t\t\tOur services\n\t\t<\/a>\n<h2>\n\t\t\tLatest blog posts\t<\/h2>\n\t\t\t\t\t\t\t\t\t\t\t\t\t\t<a href=\"https:\/\/www.three-tec.ch\/en\/trials-with-your-original-products-in-our-laboratory\/\" target=\"_self\" title=\"Tests with your original products in our laboratory\">\n\t\t\t\t<img decoding=\"async\" src=\"https:\/\/www.three-tec.ch\/wp-content\/uploads\/2025\/06\/Eingang_VL2.jpg\" alt=\"\" \/>\n\t\t\t\t<\/a>\n\t\t\t\t\t\t<h2>\n\t\t\t\t\t\t\t\tJune\n\t\t\t\t\t\t\t\t18\n\t\t\t\t\t\t\t\t2025\n\t\t\t\t\t\t<\/h2>\n\t\t\t\t\t\t<h5>\n\t\t\t\t<a href=\"https:\/\/www.three-tec.ch\/en\/trials-with-your-original-products-in-our-laboratory\/\" title=\"Tests with your original products in our laboratory\">Tests with your original products in our laboratory<\/a>\t\t\t<\/h5>\n\t\t\t\t\t\t\t\tIn our test laboratory, we offer our customers the perfect environment for developing or optimizing existing and new processes.\n\t\t\t\t\t\t\t\t\t\t\t\t\t\t<a href=\"https:\/\/www.three-tec.ch\/en\/current-projects0325\/\" target=\"_self\" title=\"Current projects\">\n\t\t\t\t<img decoding=\"async\" src=\"https:\/\/www.three-tec.ch\/wp-content\/uploads\/2025\/04\/P325_2.jpg\" alt=\"\" \/>\n\t\t\t\t<\/a>\n\t\t\t\t\t\t<h2>\n\t\t\t\t\t\t\t\tApr.\n\t\t\t\t\t\t\t\t16\n\t\t\t\t\t\t\t\t2025\n\t\t\t\t\t\t<\/h2>\n\t\t\t\t\t\t<h5>\n\t\t\t\t<a href=\"https:\/\/www.three-tec.ch\/en\/current-projects0325\/\" title=\"Current projects\">Current projects<\/a>\t\t\t<\/h5>\n\t\t\t\t\t\t\t\tMany of our devices are developed and produced according to specific customer requirements. We show you some of the appliances that have been completed and delivered in recent months.\n\t\t\t\t\t\t\t\t\t\t\t\t\t\t<a href=\"https:\/\/www.three-tec.ch\/en\/feeding-devices-in-hygienic-design-for-the-highest-demands\/\" target=\"_self\" title=\"Feeding systems in hygienic design for the highest demands\">\n\t\t\t\t<img decoding=\"async\" src=\"https:\/\/www.three-tec.ch\/wp-content\/uploads\/2025\/03\/HD_Feeder_titel2.jpg\" alt=\"\" \/>\n\t\t\t\t<\/a>\n\t\t\t\t\t\t<h2>\n\t\t\t\t\t\t\t\tMarch\n\t\t\t\t\t\t\t\t19\n\t\t\t\t\t\t\t\t2025\n\t\t\t\t\t\t<\/h2>\n\t\t\t\t\t\t<h5>\n\t\t\t\t<a href=\"https:\/\/www.three-tec.ch\/en\/feeding-devices-in-hygienic-design-for-the-highest-demands\/\" title=\"Feeding systems in hygienic design for the highest demands\">Feeding systems in hygienic design for the highest demands<\/a>\t\t\t<\/h5>\n\t\t\t\t\t\t\t\tThe new feeding systems in hygienic design from Three-Tec meet the highest requirements for hygiene and product safety in the food, pharmaceutical and cosmetics industries.\n\t\t\t\t\t\t\t\t\t\t\t\t\t\t<a href=\"https:\/\/www.three-tec.ch\/en\/more-efficient-feeding-with-flat-tray-feeding-devices\/\" target=\"_self\" title=\"More efficient feeding with flat-tray feeding devices\">\n\t\t\t\t<img decoding=\"async\" src=\"https:\/\/www.three-tec.ch\/wp-content\/uploads\/2024\/04\/ZD5_ZD9FB_BN3.jpg\" alt=\"\" \/>\n\t\t\t\t<\/a>\n\t\t\t\t\t\t<h2>\n\t\t\t\t\t\t\t\tApr.\n\t\t\t\t\t\t\t\t16\n\t\t\t\t\t\t\t\t2024\n\t\t\t\t\t\t<\/h2>\n\t\t\t\t\t\t<h5>\n\t\t\t\t<a href=\"https:\/\/www.three-tec.ch\/en\/more-efficient-feeding-with-flat-tray-feeding-devices\/\" title=\"More efficient feeding with flat-tray feeding devices\">More efficient feeding with flat-tray feeding devices<\/a>\t\t\t<\/h5>\n\t\t\t\t\t\t\t\tThree-Tec offers flat-bottom dispensers for poorly flowing materials. These impress with up to ten times less residue remaining in the dispensing container.\n\t\t\t\t\t\t\t\t\t\t\t\t\t\t<a href=\"https:\/\/www.three-tec.ch\/en\/dosierung-kleinstmengen\/\" target=\"_self\" title=\"Best in class for precise feeding of very small quantities\">\n\t\t\t\t<img decoding=\"async\" src=\"https:\/\/www.three-tec.ch\/wp-content\/uploads\/2024\/04\/ZD5FB_Web.jpg\" alt=\"\" \/>\n\t\t\t\t<\/a>\n\t\t\t\t\t\t<h2>\n\t\t\t\t\t\t\t\tApr.\n\t\t\t\t\t\t\t\t16\n\t\t\t\t\t\t\t\t2024\n\t\t\t\t\t\t<\/h2>\n\t\t\t\t\t\t<h5>\n\t\t\t\t<a href=\"https:\/\/www.three-tec.ch\/en\/dosierung-kleinstmengen\/\" title=\"Best in class for precise feeding of very small quantities\">Best in class for precise feeding of very small quantities<\/a>\t\t\t<\/h5>\n\t\t\t\t\t\t\t\tIn tests conducted by AMW with heavy-flowing bulk materials, the ZD 5 FB dosing unit from Three-Tec has proven to be particularly efficient for the precise dosing of very small quantities.\n\t\t\t\t\t\t\t\t\t\t\t\t\t\t<a href=\"https:\/\/www.three-tec.ch\/en\/resource-saving-extrusion-with-laboratory-extruders\/\" target=\"_self\" title=\"Resource-saving extrusion with laboratory extruders from Three-Tec\">\n\t\t\t\t<img decoding=\"async\" src=\"https:\/\/www.three-tec.ch\/wp-content\/uploads\/2024\/02\/Schneckensegment_5mm_web-1.jpg\" alt=\"\" \/>\n\t\t\t\t<\/a>\n\t\t\t\t\t\t<h2>\n\t\t\t\t\t\t\t\tFeb.\n\t\t\t\t\t\t\t\t27\n\t\t\t\t\t\t\t\t2024\n\t\t\t\t\t\t<\/h2>\n\t\t\t\t\t\t<h5>\n\t\t\t\t<a href=\"https:\/\/www.three-tec.ch\/en\/resource-saving-extrusion-with-laboratory-extruders\/\" title=\"Resource-saving extrusion with laboratory extruders from Three-Tec\">Resource-saving extrusion with laboratory extruders from Three-Tec<\/a>\t\t\t<\/h5>\n\t\t\t\t\t\t\t\tOur laboratory extruders enable very small batches from as little as one gram. This makes them ideal for formulation developments with small quantities of active ingredients.","protected":false},"excerpt":{"rendered":"<p>Dosierung Dosierger\u00e4te f\u00fcr die pr\u00e4zise Dosierung von verschiedensten Materialien Extrusion Extruder f\u00fcr Kleinstmengen bis zum Produktionsmassstab Prozessequipment Ein umfangreiches Sortiment an Peripherieger\u00e4ten f\u00fcr alle Bed\u00fcrfnisse Sonderanlagen Isolator High Containment, Abf\u00fcllanlagen und mehr Three-Tec &#8211; der richtige Partner f\u00fcr Sie Dank der internen Entwicklung und Herstellung unserer Produkte bieten wir unseren Kunden h\u00f6chste Qualit\u00e4tsstandards und kundenspezifische [&hellip;]<\/p>\n","protected":false},"author":1,"featured_media":4412,"parent":0,"menu_order":0,"comment_status":"closed","ping_status":"open","template":"","meta":{"_acf_changed":false,"_seopress_robots_primary_cat":"","_seopress_titles_title":"Three-Tec","_seopress_titles_desc":"Ihr Spezialist f\u00fcr die Entwicklung und Produktion von Dosiersystemen, Extrudern und Prozessequipment f\u00fcr die Verfahrenstechnik.","_seopress_robots_index":"","site-sidebar-layout":"no-sidebar","site-content-layout":"page-builder","ast-site-content-layout":"full-width-container","site-content-style":"unboxed","site-sidebar-style":"unboxed","ast-global-header-display":"","ast-banner-title-visibility":"","ast-main-header-display":"","ast-hfb-above-header-display":"","ast-hfb-below-header-display":"","ast-hfb-mobile-header-display":"","site-post-title":"disabled","ast-breadcrumbs-content":"","ast-featured-img":"disabled","footer-sml-layout":"","ast-disable-related-posts":"","theme-transparent-header-meta":"default","adv-header-id-meta":"","stick-header-meta":"default","header-above-stick-meta":"","header-main-stick-meta":"","header-below-stick-meta":"","astra-migrate-meta-layouts":"set","ast-page-background-enabled":"default","ast-page-background-meta":{"desktop":{"background-color":"","background-image":"","background-repeat":"repeat","background-position":"center center","background-size":"auto","background-attachment":"scroll","background-type":"","background-media":"","overlay-type":"","overlay-color":"","overlay-opacity":"","overlay-gradient":""},"tablet":{"background-color":"","background-image":"","background-repeat":"repeat","background-position":"center center","background-size":"auto","background-attachment":"scroll","background-type":"","background-media":"","overlay-type":"","overlay-color":"","overlay-opacity":"","overlay-gradient":""},"mobile":{"background-color":"","background-image":"","background-repeat":"repeat","background-position":"center center","background-size":"auto","background-attachment":"scroll","background-type":"","background-media":"","overlay-type":"","overlay-color":"","overlay-opacity":"","overlay-gradient":""}},"ast-content-background-meta":{"desktop":{"background-color":"var(--ast-global-color-5)","background-image":"","background-repeat":"repeat","background-position":"center center","background-size":"auto","background-attachment":"scroll","background-type":"","background-media":"","overlay-type":"","overlay-color":"","overlay-opacity":"","overlay-gradient":""},"tablet":{"background-color":"var(--ast-global-color-5)","background-image":"","background-repeat":"repeat","background-position":"center center","background-size":"auto","background-attachment":"scroll","background-type":"","background-media":"","overlay-type":"","overlay-color":"","overlay-opacity":"","overlay-gradient":""},"mobile":{"background-color":"var(--ast-global-color-5)","background-image":"","background-repeat":"repeat","background-position":"center center","background-size":"auto","background-attachment":"scroll","background-type":"","background-media":"","overlay-type":"","overlay-color":"","overlay-opacity":"","overlay-gradient":""}},"iawp_total_views":26925,"footnotes":""},"class_list":["post-1019","page","type-page","status-publish","has-post-thumbnail","hentry"],"acf":[],"_links":{"self":[{"href":"https:\/\/www.three-tec.ch\/en\/wp-json\/wp\/v2\/pages\/1019","targetHints":{"allow":["GET"]}}],"collection":[{"href":"https:\/\/www.three-tec.ch\/en\/wp-json\/wp\/v2\/pages"}],"about":[{"href":"https:\/\/www.three-tec.ch\/en\/wp-json\/wp\/v2\/types\/page"}],"author":[{"embeddable":true,"href":"https:\/\/www.three-tec.ch\/en\/wp-json\/wp\/v2\/users\/1"}],"replies":[{"embeddable":true,"href":"https:\/\/www.three-tec.ch\/en\/wp-json\/wp\/v2\/comments?post=1019"}],"version-history":[{"count":11,"href":"https:\/\/www.three-tec.ch\/en\/wp-json\/wp\/v2\/pages\/1019\/revisions"}],"predecessor-version":[{"id":10071,"href":"https:\/\/www.three-tec.ch\/en\/wp-json\/wp\/v2\/pages\/1019\/revisions\/10071"}],"wp:featuredmedia":[{"embeddable":true,"href":"https:\/\/www.three-tec.ch\/en\/wp-json\/wp\/v2\/media\/4412"}],"wp:attachment":[{"href":"https:\/\/www.three-tec.ch\/en\/wp-json\/wp\/v2\/media?parent=1019"}],"curies":[{"name":"wp","href":"https:\/\/api.w.org\/{rel}","templated":true}]}}