{"id":1213,"date":"2020-04-01T05:15:08","date_gmt":"2020-04-01T05:15:08","guid":{"rendered":"https:\/\/www.three-tec.ch\/?page_id=1213"},"modified":"2026-01-09T11:41:06","modified_gmt":"2026-01-09T10:41:06","slug":"services","status":"publish","type":"page","link":"https:\/\/www.three-tec.ch\/en\/dienstleistungen\/","title":{"rendered":"Services"},"content":{"rendered":"<h1>Services<\/h1>\t\t\t\t\t\n\t\t\t<p>We offer high quality products - and even more<br \/><\/p>\t\t\n\t<ul>\n\t\t\t<li>\n\t\t\t<h6>\n\t\t\t<a href=\"#entstehung\" target=\"_self\"  data-hover=\"So entsteht Ihr Ger\u00e4t\" aria-label=\"How your device is created\">How your device is created<\/a>\n\t\t\t<\/h6>\n\t\t<\/li>\n\t\t\t\t\t<li>\n\t\t\t<h6>\n\t\t\t<a href=\"#versuchslabor\" target=\"_self\"  data-hover=\"Versuchslabor\" aria-label=\"Test laboratory\">Test laboratory<\/a>\n\t\t\t<\/h6>\n\t\t<\/li>\n\t\t\t\t\t<li>\n\t\t\t<h6>\n\t\t\t<a href=\"#service\" target=\"_self\"  data-hover=\"Service &#038; Wartung\" aria-label=\"Service &amp; Maintenance\">Service &amp; Maintenance<\/a>\n\t\t\t<\/h6>\n\t\t<\/li>\n\t\t\t\t\t<li>\n\t\t\t<h6>\n\t\t\t<a href=\"#schulungen\" target=\"_self\"  data-hover=\"Schulungen &#038; Workshops\" aria-label=\"Trainings &amp; Workshops\">Trainings &amp; Workshops<\/a>\n\t\t\t<\/h6>\n\t\t<\/li>\n\t\t\t\t<\/ul>\n\t<h2>\n\t\t\t\tThis is how your Three-Tec device is created\n\t\t\t<\/h2>\n\t\t\t<p>Each of our customers has very specific requirements. Thanks to the in-house development and manufacture of our products, we can implement special solutions flexibly and promptly in cooperation with you, while ensuring the highest quality standards.<\/p>\t\n\t\t\t\t<img decoding=\"async\" src=\"https:\/\/www.three-tec.ch\/wp-content\/uploads\/bb-plugin\/cache\/Materialien2-circle.jpg\" alt=\"Materials2\" title=\"Materials2\" itemprop=\"image\"\/>\n\t\t<h5>1. Your requirements<\/h5>\t\t\t\n\t\t\t\t<p>You tell us your requirements, we advise you individually and together we find the right solution.<\/p>\n\t\t\t\t<img decoding=\"async\" src=\"https:\/\/www.three-tec.ch\/wp-content\/uploads\/bb-plugin\/cache\/VL2-circle.jpg\" alt=\"VL2\" title=\"VL2\" itemprop=\"image\"\/>\n\t\t<h5>2. Tests<\/h5>\t\t\t\n\t\t\t\t<p>Together, we conduct tests in our test lab with your original products to accurately define the device.<\/p>\n\t\t\t\t<img decoding=\"async\" src=\"https:\/\/www.three-tec.ch\/wp-content\/uploads\/bb-plugin\/cache\/Entwicklung2-circle.jpg\" alt=\"Development2\" title=\"Development2\" itemprop=\"image\"\/>\n\t\t<h5>3. Development<\/h5>\t\t\t\n\t\t\t\t<p>Our specialists develop the feeding device or extruder according to your requirements using Autodesk Inventor 3D and create a acceptance drawing.<\/p>\n\t\t\t\t<img decoding=\"async\" src=\"https:\/\/www.three-tec.ch\/wp-content\/uploads\/bb-plugin\/cache\/Fertigung_neu-circle.jpg\" alt=\"Manufacturing_new\" title=\"Manufacturing_new\" itemprop=\"image\"\/>\n\t\t<h5>4. manufacturing &amp; assembly<\/h5>\t\t\t\n\t\t\t\t<p>In our workshop all parts are made of high quality materials and are assembled by specialists.<\/p>\n\t\t\t\t<img decoding=\"async\" src=\"https:\/\/www.three-tec.ch\/wp-content\/uploads\/bb-plugin\/cache\/Steuerung_neu-circle.jpg\" alt=\"Control_new\" title=\"Control_new\" itemprop=\"image\"\/>\n\t\t<h5>5. Control system<\/h5>\t\t\t\n\t\t\t\t<p>The careful construction of the control system is carried out in-house, as is the individual programming.<\/p>\n\t\t\t\t<img decoding=\"async\" src=\"https:\/\/www.three-tec.ch\/wp-content\/uploads\/bb-plugin\/cache\/Inbetriebnahme-circle.jpg\" alt=\"Commissioning\" title=\"Commissioning\" itemprop=\"image\"\/>\n\t\t<h5>6. Commissioning<\/h5>\t\t\t\n\t\t\t\t<p>The commissioning of the device is carried out either at our premises or at the customer's site, depending on the customer's wishes.<\/p>\n\t\t\t\t<img decoding=\"async\" src=\"https:\/\/www.three-tec.ch\/wp-content\/uploads\/bb-plugin\/cache\/Papier-circle.jpg\" alt=\"Paper\" title=\"Paper\" itemprop=\"image\"\/>\n\t\t<h5>7. Documentation<\/h5>\t\t\t\n\t\t\t\t<p>You will receive detailed documentation from us for your device according to your requirements.<\/p>\n\t\t\t\t<img decoding=\"async\" src=\"https:\/\/www.three-tec.ch\/wp-content\/uploads\/bb-plugin\/cache\/E_W-circle.jpg\" alt=\"E_W\" title=\"E_W\" itemprop=\"image\"\/>\n\t\t<h5>8. spare parts &amp; maintenance<\/h5>\t\t\t\n\t\t\t\t<p>We guarantee the availability of spare parts for at least 10 years from purchase and service your device worldwide.<\/p>\n\t<h2>\n\t\t\t\tTest laboratory\n\t\t\t<\/h2>\n\t\t\t<p>In our test and application laboratory, we offer our customers the perfect environment for optimizing or developing existing and new processes. Our laboratory is equipped with various devices (feeding devices, extruders and process equipment) from our wide range of products. Once you have told us your requirements for your process, we will put together the appropriate equipment and carry out the test with your product in our laboratory. We then provide you with photos, videos, a test report and, if necessary, product samples. If you wish, you can follow the tests on site or by video call so that you can see directly what is happening.<\/p>\n<p>In addition to process development, we also carry out feasibility studies in our test laboratory or produce initial product samples for your customers. Contract manufacturing is also possible on request.<\/p>\n\t\t\t\t<img decoding=\"async\" src=\"https:\/\/www.three-tec.ch\/wp-content\/uploads\/2025\/04\/VL2.jpg\" alt=\"VL2\" title=\"VL2\" itemprop=\"image\"\/>\n\t<h5>\n\t\t\t\tThe range of services in our test laboratory:\n\t\t\t<\/h5>\n\t<ul>\n\t\t\t<li>\n\t\t\t\tGravimetric and volumetric feeding\n\t\t\t<\/li>\n\t\t\t<li>\n\t\t\t\tExtrusion: melt extrusion, wet and melt granulation, roasting and mixing processes, food extrusion, gas and solvent extraction processes\n\t\t\t<\/li>\n\t\t\t<li>\n\t\t\t\tProcess development\n\t\t\t<\/li>\n\t\t\t<li>\n\t\t\t\tFeasibility studies\n\t\t\t<\/li>\n\t\t\t<li>\n\t\t\t\tContract manufacturing\n\t\t\t<\/li>\n\t\t<\/ul>\n\t\t\t<a href=\"https:\/\/www.three-tec.ch\/en\/contact\/#personen\" title=\"Click here\" target=\"_self\"   role=\"button\" aria-label=\"Ask us\">\n\t\t\t\t\t\t\tAsk us\n\t\t<\/a>\n\t<h2>\n\t\t\t\tService &amp; Maintenance\n\t\t\t<\/h2>\n\t\t\t<p>In addition to products with the highest quality standards, we offer a wide range of additional services.<\/p>\t\n\t\t\t\t<img decoding=\"async\" src=\"https:\/\/www.three-tec.ch\/wp-content\/uploads\/2021\/07\/BE2.jpg\" alt=\"B&amp;E2\" title=\"B&amp;E2\" itemprop=\"image\"\/>\n\t<ul>\n\t\t\t<li>\n\t\t\t\tIndividual consulting &amp; support\n\t\t\t<\/li>\n\t\t\t<li>\n\t\t\t\tIndividual development according to customer requirements\n\t\t\t<\/li>\n\t\t\t<li>\n\t\t\t\tFeeding and extrusion tests in the internal test laboratory\n\t\t\t<\/li>\n\t\t\t<li>\n\t\t\t\tShort delivery times of spare parts due to internal production and warehouse\n\t\t\t<\/li>\n\t\t\t<li>\n\t\t\t\tCommissioning and acceptance in house or at the customer's site\n\t\t\t<\/li>\n\t\t\t<li>\n\t\t\t\tIndividual development and programming of complete control systems\n\t\t\t<\/li>\n\t\t\t<li>\n\t\t\t\tRegular maintenance of the equipment\n\t\t\t<\/li>\n\t\t\t<li>\n\t\t\t\tComplete documentation\n\t\t\t<\/li>\n\t\t\t<li>\n\t\t\t\tIntroductions and training on our products\n\t\t\t<\/li>\n\t\t<\/ul>\n\t<h2>\n\t\t\t\tTrainings &amp; Workshops\n\t\t\t<\/h2>\n\t\t\t<p>Practical applications of our devices and compact theory units: In our workshops, you will receive the necessary basic knowledge on how to use the devices optimally. In addition, customer-specific tasks are worked on and individual needs are addressed.<\/p>\t\n\t\t\t\t<img decoding=\"async\" src=\"https:\/\/www.three-tec.ch\/wp-content\/uploads\/2021\/08\/speaker-at-business-meeting-in-the-conference-hall-P54VJJ7.jpg\" alt=\"speaker-at-business-meeting-in-the-conference-hall-P54VJJ7\" title=\"speaker-at-business-meeting-in-the-conference-hall-P54VJJ7\" itemprop=\"image\"\/>\n\t<p>We organize regular seminars and workshops on the following topics:<\/p>\n\t<ul>\n\t\t\t<li>\n\t\t\t\tGravimetric and volumetric feeding\n\t\t\t<\/li>\n\t\t\t<li>\n\t\t\t\tMiniature extrusion\n\t\t\t<\/li>\n\t\t\t<li>\n\t\t\t\tGranule production in the isolator\n\t\t\t<\/li>\n\t\t\t<li>\n\t\t\t\tprecise liquid feeding\n\t\t\t<\/li>\n\t\t\t<li>\n\t\t\t\tIonization\n\t\t\t<\/li>\n\t\t<\/ul>\n\t\t\t\t\t\t\t\t\t\t\t\n\t\t\t\t\t<p>Currently there are no training dates planned. Are you interested in training courses and workshops? Then get in touch with us via the contact form. As soon as the next date is known, we will contact you.<\/p>\t\t\t\t\n\t\t\t\t<a href=\"https:\/\/www.three-tec.ch\/en\/contact\/#formular\" role=\"button\" target=\"_self\">\n\t\t\t\t\t\t\t\t\t\tTo the contact form\n\t\t\t\t\t\t\t\t\t<\/a>","protected":false},"excerpt":{"rendered":"<p>Dienstleistungen Wir bieten hochwertige Produkte &#8211; und noch mehr So entsteht Ihr Ger\u00e4t Versuchslabor Service &amp; Wartung Schulungen &amp; Workshops So entsteht Ihr Ger\u00e4t von Three-Tec Jeder unserer Kunden hat ganz spezifische Anforderungen. Dank der internen Entwicklung und Herstellung unserer Produkte k\u00f6nnen wir Speziall\u00f6sungen in Zusammenarbeit mit Ihnen flexibel und zeitnah umsetzen und dabei h\u00f6chste [&hellip;]<\/p>\n","protected":false},"author":1,"featured_media":0,"parent":0,"menu_order":0,"comment_status":"closed","ping_status":"closed","template":"","meta":{"_acf_changed":false,"_seopress_robots_primary_cat":"","_seopress_titles_title":"Dienstleistungen | Three-Tec","_seopress_titles_desc":"Erfahren Sie, wie Ihr Ger\u00e4t von Three-Tec entsteht und entdecken Sie unser Versuchslabor, unsere Services und unsere Schulungen.","_seopress_robots_index":"","site-sidebar-layout":"no-sidebar","site-content-layout":"page-builder","ast-site-content-layout":"full-width-container","site-content-style":"unboxed","site-sidebar-style":"unboxed","ast-global-header-display":"","ast-banner-title-visibility":"","ast-main-header-display":"","ast-hfb-above-header-display":"","ast-hfb-below-header-display":"","ast-hfb-mobile-header-display":"","site-post-title":"disabled","ast-breadcrumbs-content":"","ast-featured-img":"disabled","footer-sml-layout":"","ast-disable-related-posts":"","theme-transparent-header-meta":"default","adv-header-id-meta":"","stick-header-meta":"default","header-above-stick-meta":"","header-main-stick-meta":"","header-below-stick-meta":"","astra-migrate-meta-layouts":"set","ast-page-background-enabled":"default","ast-page-background-meta":{"desktop":{"background-color":"","background-image":"","background-repeat":"repeat","background-position":"center center","background-size":"auto","background-attachment":"scroll","background-type":"","background-media":"","overlay-type":"","overlay-color":"","overlay-opacity":"","overlay-gradient":""},"tablet":{"background-color":"","background-image":"","background-repeat":"repeat","background-position":"center center","background-size":"auto","background-attachment":"scroll","background-type":"","background-media":"","overlay-type":"","overlay-color":"","overlay-opacity":"","overlay-gradient":""},"mobile":{"background-color":"","background-image":"","background-repeat":"repeat","background-position":"center center","background-size":"auto","background-attachment":"scroll","background-type":"","background-media":"","overlay-type":"","overlay-color":"","overlay-opacity":"","overlay-gradient":""}},"ast-content-background-meta":{"desktop":{"background-color":"var(--ast-global-color-5)","background-image":"","background-repeat":"repeat","background-position":"center center","background-size":"auto","background-attachment":"scroll","background-type":"","background-media":"","overlay-type":"","overlay-color":"","overlay-opacity":"","overlay-gradient":""},"tablet":{"background-color":"var(--ast-global-color-5)","background-image":"","background-repeat":"repeat","background-position":"center center","background-size":"auto","background-attachment":"scroll","background-type":"","background-media":"","overlay-type":"","overlay-color":"","overlay-opacity":"","overlay-gradient":""},"mobile":{"background-color":"var(--ast-global-color-5)","background-image":"","background-repeat":"repeat","background-position":"center center","background-size":"auto","background-attachment":"scroll","background-type":"","background-media":"","overlay-type":"","overlay-color":"","overlay-opacity":"","overlay-gradient":""}},"iawp_total_views":1821,"footnotes":""},"class_list":["post-1213","page","type-page","status-publish","hentry"],"acf":[],"_links":{"self":[{"href":"https:\/\/www.three-tec.ch\/en\/wp-json\/wp\/v2\/pages\/1213","targetHints":{"allow":["GET"]}}],"collection":[{"href":"https:\/\/www.three-tec.ch\/en\/wp-json\/wp\/v2\/pages"}],"about":[{"href":"https:\/\/www.three-tec.ch\/en\/wp-json\/wp\/v2\/types\/page"}],"author":[{"embeddable":true,"href":"https:\/\/www.three-tec.ch\/en\/wp-json\/wp\/v2\/users\/1"}],"replies":[{"embeddable":true,"href":"https:\/\/www.three-tec.ch\/en\/wp-json\/wp\/v2\/comments?post=1213"}],"version-history":[{"count":11,"href":"https:\/\/www.three-tec.ch\/en\/wp-json\/wp\/v2\/pages\/1213\/revisions"}],"predecessor-version":[{"id":10273,"href":"https:\/\/www.three-tec.ch\/en\/wp-json\/wp\/v2\/pages\/1213\/revisions\/10273"}],"wp:attachment":[{"href":"https:\/\/www.three-tec.ch\/en\/wp-json\/wp\/v2\/media?parent=1213"}],"curies":[{"name":"wp","href":"https:\/\/api.w.org\/{rel}","templated":true}]}}