{"id":1388,"date":"2021-06-16T08:23:13","date_gmt":"2021-06-16T06:23:13","guid":{"rendered":"https:\/\/www.three-tec.ch\/?page_id=1388"},"modified":"2026-02-20T09:35:47","modified_gmt":"2026-02-20T08:35:47","slug":"products","status":"publish","type":"page","link":"https:\/\/www.three-tec.ch\/en\/produkte\/","title":{"rendered":"Products"},"content":{"rendered":"<h1>Products<\/h1>\t\t\t\t\t\n\t\t\t<p>Highest quality standards and customized solutions are our core competence<br \/><\/p>\t\t\n\t<a href=\"#dosierger\u00e4te\" target=\"_self\"  aria-label=\"Go to 1TP5Dosing devices\"><\/a>\n\t\t\t\t<img decoding=\"async\" src=\"https:\/\/www.three-tec.ch\/wp-content\/uploads\/2025\/04\/Feeder_Menue2.png\" alt=\"Feeder_Menu2\" title=\"Feeder_Menu2\" itemprop=\"image\"\/>\n\t\t<h6>Feeding systems<\/h6>\t\t\t\n\t<a href=\"#extruder\" target=\"_self\"  aria-label=\"Go to #extruder\"><\/a>\n\t\t\t\t<img decoding=\"async\" src=\"https:\/\/www.three-tec.ch\/wp-content\/uploads\/2024\/03\/Extruder_Hybrid_5_9.png\" alt=\"Extruder_Hybrid_5_9\" title=\"Extruder_Hybrid_5_9\" itemprop=\"image\"\/>\n\t\t<h6>Extruders<\/h6>\t\t\t\n\t<a href=\"#zubeh\u00f6r\" target=\"_self\"  aria-label=\"Go to # Accessories\"><\/a>\n\t\t\t\t<img decoding=\"async\" src=\"https:\/\/www.three-tec.ch\/wp-content\/uploads\/2024\/06\/Foerderband_Menue_g.png\" alt=\"Conveyor_belt_menu_g\" title=\"Conveyor_belt_menu_g\" itemprop=\"image\"\/>\n\t\t<h6>Process equipment<\/h6>\t\t\t\n\t<a href=\"#sonderanlagen\" target=\"_self\"  aria-label=\"Go to #special systems\"><\/a>\n\t\t\t\t<img decoding=\"async\" src=\"https:\/\/www.three-tec.ch\/wp-content\/uploads\/2021\/08\/Isolator.png\" alt=\"Insulator\" title=\"Insulator\" itemprop=\"image\"\/>\n\t\t<h6>Special machinery<\/h6>\t\t\t\n\t<h2>\n\t\t\t\tOur products\n\t\t\t<\/h2>\n\t<p>Our products are developed and manufactured in-house. In doing so, the highest quality standards are a matter of course for us. Every concept is developed in cooperation with the customer and special solutions are implemented flexibly and promptly.<\/p>\n<p class=\"translation-block\">Do you only need a feeding system, an extruder or process equipment for a certain period of time? We also offer our standard products for rent. We also grant special conditions to universities. <a href=\"https:\/\/three-tec.chaplin.sui-inter.net\/kontakt\/\" target=\"_self\">Contact us<\/a> to learn more.<\/p>\n<p>&nbsp;<\/p>\n\t<ul>\n\t\t\t<li>\n\t\t\t\tHighest quality standards\n\t\t\t<\/li>\n\t\t\t<li>\n\t\t\t\tSpecial solutions as core competence\n\t\t\t<\/li>\n\t\t\t<li>\n\t\t\t\tParts in contact with the product made of stainless steel (316 L)\n\t\t\t<\/li>\n\t\t\t<li>\n\t\t\t\tSurface treatments according to customer requirements\n\t\t\t<\/li>\n\t\t\t<li>\n\t\t\t\tSpare parts availability guaranteed\n\t\t\t<\/li>\n\t\t\t<li>\n\t\t\t\tGMP compliant design\n\t\t\t<\/li>\n\t\t\t<li>\n\t\t\t\tStandard models can be rented\n\t\t\t<\/li>\n\t\t\t<li>\n\t\t\t\tSpecial conditions for universities\n\t\t\t<\/li>\n\t\t<\/ul>\n\t<h2>\n\t\t\t\tFeeding systems\n\t\t\t<\/h2>\n\t\t\t<p>In our extensive product range, you will find a large selection of metering devices with which a wide variety of materials can be precisely metered - from very small quantities starting at 5 g\/h up to several tons.<\/p>\t\n\t\t\t\t<img decoding=\"async\" src=\"https:\/\/www.three-tec.ch\/wp-content\/uploads\/2025\/04\/ZD5FB.jpg\" alt=\"ZD5FB\" title=\"ZD5FB\" itemprop=\"image\"\/>\n\t<ul>\n\t\t\t<li>\n\t\t\t\tEfficient feeding even of poorly flowing materials\n\t\t\t<\/li>\n\t\t\t<li>\n\t\t\t\tSolutions for gravimetric and volumetric feeding\n\t\t\t<\/li>\n\t\t\t<li>\n\t\t\t\tFast assembly and disassembly of all components in contact with the product \n\t\t\t<\/li>\n\t\t\t<li>\n\t\t\t\tEasy and quick cleaning\n\t\t\t<\/li>\n\t\t<\/ul>\n\t\t\t<a href=\"https:\/\/www.three-tec.ch\/en\/feeding-systems\/\" title=\"To the feeding systems\" target=\"_self\"   role=\"button\" aria-label=\"To the feeding systems\">\n\t\t\t\t\t\t\tTo the feeding systems\n\t\t<\/a>\n\t<h2>\n\t\t\t\tExtruders\n\t\t\t<\/h2>\n\t\t\t<p>From multi-function extrusion of small quantities for research and development to production scale - Three-Tec offers the right extruder for every application.<\/p>\t\n\t\t\t\t<img decoding=\"async\" src=\"https:\/\/www.three-tec.ch\/wp-content\/uploads\/2024\/03\/Extruder_Hybrid_5_9.png\" alt=\"Extruder_Hybrid_5_9\" title=\"Extruder_Hybrid_5_9\" itemprop=\"image\"\/>\n\t<h5>\n\t\t\t\tApplications\n\t\t\t<\/h5>\n\t\t\t<p>The extruders perform complex extrusion tasks under difficult conditions.<\/p>\t\n\t<ul>\n\t\t\t<li>\n\t\t\t\tHot-Melt Extrusion (HME)\n\t\t\t<\/li>\n\t\t\t<li>\n\t\t\t\tWet granulation\n\t\t\t<\/li>\n\t\t\t<li>\n\t\t\t\tReactive extrusion, mechanochemistry\n\t\t\t<\/li>\n\t\t\t<li>\n\t\t\t\tVegetable proteins &amp; meat-like texturates\n\t\t\t<\/li>\n\t\t<\/ul>\n\t\t\t<a href=\"https:\/\/www.three-tec.ch\/en\/extruder\/\" title=\"To the extruders\" target=\"_self\"   role=\"button\" aria-label=\"To the extruders\">\n\t\t\t\t\t\t\tTo the extruders\n\t\t<\/a>\n\t<h2>\n\t\t\t\tProcess equipment\n\t\t\t<\/h2>\n\t\t\t<p>In our process equipment range, you will find a wide variety of peripheral devices to cover all your needs.<\/p>\t\n\t\t\t\t<img decoding=\"async\" src=\"https:\/\/www.three-tec.ch\/wp-content\/uploads\/2024\/06\/Foerderband.jpg\" alt=\"Conveyor belt\" title=\"Conveyor belt\" itemprop=\"image\"\/>\n\t<ul>\n\t\t\t<li>\n\t\t\t\tGranulator HMI\n\t\t\t<\/li>\n\t\t\t<li>\n\t\t\t\tECO granulator\n\t\t\t<\/li>\n\t\t\t<li>\n\t\t\t\tHot cutter\n\t\t\t<\/li>\n\t\t\t<li>\n\t\t\t\tSpheronizer\n\t\t\t<\/li>\n\t\t\t<li>\n\t\t\t\tConveyor belt laboratory\n\t\t\t<\/li>\n\t\t\t<li>\n\t\t\t\tCooling conveyor belt\n\t\t\t<\/li>\n\t\t\t<li>\n\t\t\t\tCooling bath\n\t\t\t<\/li>\n\t\t\t<li>\n\t\t\t\tFilm roller\n\t\t\t<\/li>\n\t\t\t<li>\n\t\t\t\tRewinder\n\t\t\t<\/li>\n\t\t\t<li>\n\t\t\t\tCalender\n\t\t\t<\/li>\n\t\t\t<li>\n\t\t\t\tChill Roll\n\t\t\t<\/li>\n\t\t\t<li>\n\t\t\t\tStuffer feeder\n\t\t\t<\/li>\n\t\t\t<li>\n\t\t\t\tSide feeder\n\t\t\t<\/li>\n\t\t<\/ul>\n\t\t\t<a href=\"https:\/\/www.three-tec.ch\/en\/process-equipment\/\" title=\"To the process equipment\" target=\"_self\"   role=\"button\" aria-label=\"To the process equipment\">\n\t\t\t\t\t\t\tTo the process equipment\n\t\t<\/a>\n\t<h2>\n\t\t\t\tSpecial machinery\n\t\t\t<\/h2>\n\t\t\t<p>Three-Tec develops and manufactures a wide variety of special machinery according to customer requirements. Thanks to our many years of experience, we can find a suitable solution for every requirement.<\/p>\t\n\t\t\t\t<img decoding=\"async\" src=\"https:\/\/www.three-tec.ch\/wp-content\/uploads\/2025\/04\/Isolator2.png\" alt=\"Isolator2\" title=\"Isolator2\" itemprop=\"image\"\/>\n\t<ul>\n\t\t\t<li>\n\t\t\t\tIsolator High Containment\n\t\t\t<\/li>\n\t\t\t<li>\n\t\t\t\tFilling systems\n\t\t\t<\/li>\n\t\t\t<li>\n\t\t\t\tMultiple feeding systems\n\t\t\t<\/li>\n\t\t\t<li>\n\t\t\t\tFour screw feeding units\n\t\t\t<\/li>\n\t\t\t<li>\n\t\t\t\tIsolated feeding equipment for battery production\n\t\t\t<\/li>\n\t\t\t<li>\n\t\t\t\tFeeding systems with special mounting\n\t\t\t<\/li>\n\t\t\t<li>\n\t\t\t\tMachinery with integrated dust extraction or heating\n\t\t\t<\/li>\n\t\t\t<li>\n\t\t\t\tetc. \n\t\t\t<\/li>\n\t\t<\/ul>\n\t\t\t<a href=\"https:\/\/www.three-tec.ch\/en\/special-machinery\/\" title=\"To the special machinery\" target=\"_self\"   role=\"button\" aria-label=\"To the special machinery\">\n\t\t\t\t\t\t\tTo the special machinery\n\t\t<\/a>","protected":false},"excerpt":{"rendered":"<p>Produkte H\u00f6chste Qualit\u00e4tsstandards und kundenspezifische L\u00f6sungen sind unsere Kernkompetenz Dosierger\u00e4te Extruder Prozessequipment Sonderanlagen Unsere Produkte Unsere Produkte werden intern entwickelt und hergestellt. Dabei sind h\u00f6chste Qualit\u00e4tsanspr\u00fcche f\u00fcr uns eine Selbstverst\u00e4ndlichkeit. Jedes Konzept wird in Zusammenarbeit mit dem Kunden entwickelt und Speziall\u00f6sungen flexibel und zeitnah umgesetzt. Ben\u00f6tigen Sie nur f\u00fcr eine gewisse Zeit ein Dosierger\u00e4t, einen [&hellip;]<\/p>\n","protected":false},"author":4,"featured_media":0,"parent":0,"menu_order":0,"comment_status":"closed","ping_status":"closed","template":"","meta":{"_acf_changed":false,"_seopress_robots_primary_cat":"","_seopress_titles_title":"Produkte | Three-Tec","_seopress_titles_desc":"Dank der internen Entwicklung und Herstellung unserer Produkte bieten wir unseren Kunden h\u00f6chste Qualit\u00e4tsstandards und kundenspezifische L\u00f6sungen.","_seopress_robots_index":"","site-sidebar-layout":"no-sidebar","site-content-layout":"page-builder","ast-site-content-layout":"full-width-container","site-content-style":"unboxed","site-sidebar-style":"unboxed","ast-global-header-display":"","ast-banner-title-visibility":"","ast-main-header-display":"","ast-hfb-above-header-display":"","ast-hfb-below-header-display":"","ast-hfb-mobile-header-display":"","site-post-title":"disabled","ast-breadcrumbs-content":"","ast-featured-img":"disabled","footer-sml-layout":"","ast-disable-related-posts":"","theme-transparent-header-meta":"default","adv-header-id-meta":"","stick-header-meta":"default","header-above-stick-meta":"","header-main-stick-meta":"","header-below-stick-meta":"","astra-migrate-meta-layouts":"set","ast-page-background-enabled":"default","ast-page-background-meta":{"desktop":{"background-color":"","background-image":"","background-repeat":"repeat","background-position":"center center","background-size":"auto","background-attachment":"scroll","background-type":"","background-media":"","overlay-type":"","overlay-color":"","overlay-opacity":"","overlay-gradient":""},"tablet":{"background-color":"","background-image":"","background-repeat":"repeat","background-position":"center center","background-size":"auto","background-attachment":"scroll","background-type":"","background-media":"","overlay-type":"","overlay-color":"","overlay-opacity":"","overlay-gradient":""},"mobile":{"background-color":"","background-image":"","background-repeat":"repeat","background-position":"center center","background-size":"auto","background-attachment":"scroll","background-type":"","background-media":"","overlay-type":"","overlay-color":"","overlay-opacity":"","overlay-gradient":""}},"ast-content-background-meta":{"desktop":{"background-color":"var(--ast-global-color-5)","background-image":"","background-repeat":"repeat","background-position":"center center","background-size":"auto","background-attachment":"scroll","background-type":"","background-media":"","overlay-type":"","overlay-color":"","overlay-opacity":"","overlay-gradient":""},"tablet":{"background-color":"var(--ast-global-color-5)","background-image":"","background-repeat":"repeat","background-position":"center center","background-size":"auto","background-attachment":"scroll","background-type":"","background-media":"","overlay-type":"","overlay-color":"","overlay-opacity":"","overlay-gradient":""},"mobile":{"background-color":"var(--ast-global-color-5)","background-image":"","background-repeat":"repeat","background-position":"center center","background-size":"auto","background-attachment":"scroll","background-type":"","background-media":"","overlay-type":"","overlay-color":"","overlay-opacity":"","overlay-gradient":""}},"iawp_total_views":6868,"footnotes":""},"class_list":["post-1388","page","type-page","status-publish","hentry"],"acf":[],"_links":{"self":[{"href":"https:\/\/www.three-tec.ch\/en\/wp-json\/wp\/v2\/pages\/1388","targetHints":{"allow":["GET"]}}],"collection":[{"href":"https:\/\/www.three-tec.ch\/en\/wp-json\/wp\/v2\/pages"}],"about":[{"href":"https:\/\/www.three-tec.ch\/en\/wp-json\/wp\/v2\/types\/page"}],"author":[{"embeddable":true,"href":"https:\/\/www.three-tec.ch\/en\/wp-json\/wp\/v2\/users\/4"}],"replies":[{"embeddable":true,"href":"https:\/\/www.three-tec.ch\/en\/wp-json\/wp\/v2\/comments?post=1388"}],"version-history":[{"count":11,"href":"https:\/\/www.three-tec.ch\/en\/wp-json\/wp\/v2\/pages\/1388\/revisions"}],"predecessor-version":[{"id":10482,"href":"https:\/\/www.three-tec.ch\/en\/wp-json\/wp\/v2\/pages\/1388\/revisions\/10482"}],"wp:attachment":[{"href":"https:\/\/www.three-tec.ch\/en\/wp-json\/wp\/v2\/media?parent=1388"}],"curies":[{"name":"wp","href":"https:\/\/api.w.org\/{rel}","templated":true}]}}