{"id":1434,"date":"2021-06-16T13:46:39","date_gmt":"2021-06-16T11:46:39","guid":{"rendered":"https:\/\/www.three-tec.ch\/?page_id=1434"},"modified":"2026-01-14T16:13:05","modified_gmt":"2026-01-14T15:13:05","slug":"downloads","status":"publish","type":"page","link":"https:\/\/www.three-tec.ch\/en\/downloads\/","title":{"rendered":"Downloads"},"content":{"rendered":"<h1>Downloads<\/h1>\t\t\t\t\t\n\t\t\t<p>Brochures and data sheets - you can find the right documents here<\/p>\t\t\n\t<h2>\n\t\t\t\tBrochures\n\t\t\t<\/h2>\n\t\t\t\t\t\t\t\t<a href=\"https:\/\/www.three-tec.ch\/wp-content\/uploads\/2026\/01\/CompanyBrochure_0126.pdf\" target=\"_blank\" itemprop=\"url\" rel=\"noopener\">\n\t\t\t\t\t\t\t\t\t<img loading=\"lazy\" decoding=\"async\" src=\"https:\/\/www.three-tec.ch\/wp-content\/uploads\/2024\/06\/Companybrochure.jpg\" alt=\"Company brochure\" itemprop=\"image\" height=\"568\" width=\"400\" srcset=\"https:\/\/www.three-tec.ch\/wp-content\/uploads\/2024\/06\/Companybrochure.jpg 400w, https:\/\/www.three-tec.ch\/wp-content\/uploads\/2024\/06\/Companybrochure-211x300.jpg 211w, https:\/\/www.three-tec.ch\/wp-content\/uploads\/2024\/06\/Companybrochure-8x12.jpg 8w\" sizes=\"(max-width: 400px) 100vw, 400px\" title=\"Company brochure\" onerror=\"this.style.display='none'\"  \/>\n\t\t\t\t\t\t\t\t\t\t\t\t\t<\/a>\n\t<p>Company brochure<\/p>\n\t<h2>\n\t\t\t\tData sheets\n\t\t\t<\/h2>\n\t\t\t\t\t\t\t\t<a href=\"https:\/\/www.three-tec.ch\/wp-content\/uploads\/2026\/01\/Datasheet_Single_Twin_Screw_Feeders_kl.pdf\" target=\"_blank\" itemprop=\"url\" rel=\"noopener\">\n\t\t\t\t\t\t\t\t\t<img loading=\"lazy\" decoding=\"async\" src=\"https:\/\/www.three-tec.ch\/wp-content\/uploads\/2026\/01\/ED_ZD_EN.jpg\" alt=\"ED_ZD\" itemprop=\"image\" height=\"566\" width=\"400\" srcset=\"https:\/\/www.three-tec.ch\/wp-content\/uploads\/2026\/01\/ED_ZD_EN.jpg 400w, https:\/\/www.three-tec.ch\/wp-content\/uploads\/2026\/01\/ED_ZD_EN-212x300.jpg 212w, https:\/\/www.three-tec.ch\/wp-content\/uploads\/2026\/01\/ED_ZD_EN-8x12.jpg 8w\" sizes=\"(max-width: 400px) 100vw, 400px\" title=\"ED_ZD\" onerror=\"this.style.display='none'\"  \/>\n\t\t\t\t\t\t\t\t\t\t\t\t\t<\/a>\n\t<p>Single and twin screw feeders<\/p>\n\t\t\t\t\t\t\t\t<a href=\"https:\/\/www.three-tec.ch\/wp-content\/uploads\/2024\/06\/Datenblatt_Extruder_Hybrid_EN.pdf\" target=\"_blank\" itemprop=\"url\" rel=\"noopener\">\n\t\t\t\t\t\t\t\t\t<img loading=\"lazy\" decoding=\"async\" src=\"https:\/\/www.three-tec.ch\/wp-content\/uploads\/2024\/06\/Hybrid_EN.jpg\" alt=\"Laboratory extruder hybrid\" itemprop=\"image\" height=\"566\" width=\"400\" srcset=\"https:\/\/www.three-tec.ch\/wp-content\/uploads\/2024\/06\/Hybrid_EN.jpg 400w, https:\/\/www.three-tec.ch\/wp-content\/uploads\/2024\/06\/Hybrid_EN-212x300.jpg 212w, https:\/\/www.three-tec.ch\/wp-content\/uploads\/2024\/06\/Hybrid_EN-8x12.jpg 8w\" sizes=\"(max-width: 400px) 100vw, 400px\" title=\"Hybrid_EN\" onerror=\"this.style.display='none'\"  \/>\n\t\t\t\t\t\t\t\t\t\t\t\t\t<\/a>\n\t<p>Laboratory extruder hybrid<\/p>\n\t\t\t\t\t\t\t\t<a href=\"https:\/\/www.three-tec.ch\/wp-content\/uploads\/2026\/01\/Datasheet_Flat-tray_Feeders_kl.pdf\" target=\"_blank\" itemprop=\"url\" rel=\"noopener\">\n\t\t\t\t\t\t\t\t\t<img loading=\"lazy\" decoding=\"async\" src=\"https:\/\/www.three-tec.ch\/wp-content\/uploads\/2026\/01\/FB_EN.jpg\" alt=\"FB\" itemprop=\"image\" height=\"566\" width=\"400\" srcset=\"https:\/\/www.three-tec.ch\/wp-content\/uploads\/2026\/01\/FB_EN.jpg 400w, https:\/\/www.three-tec.ch\/wp-content\/uploads\/2026\/01\/FB_EN-212x300.jpg 212w, https:\/\/www.three-tec.ch\/wp-content\/uploads\/2026\/01\/FB_EN-8x12.jpg 8w\" sizes=\"(max-width: 400px) 100vw, 400px\" title=\"FB\" onerror=\"this.style.display='none'\"  \/>\n\t\t\t\t\t\t\t\t\t\t\t\t\t<\/a>\n\t<p>Flat-tray feeders<\/p>\n\t\t\t\t\t\t\t\t<a href=\"https:\/\/www.three-tec.ch\/wp-content\/uploads\/2024\/06\/Factsheet_Processequipment_kl.pdf\" target=\"_blank\" itemprop=\"url\" rel=\"noopener\">\n\t\t\t\t\t\t\t\t\t<img loading=\"lazy\" decoding=\"async\" src=\"https:\/\/www.three-tec.ch\/wp-content\/uploads\/2024\/06\/Prozessequipment_EN.jpg\" alt=\"Process equipment\" itemprop=\"image\" height=\"566\" width=\"400\" srcset=\"https:\/\/www.three-tec.ch\/wp-content\/uploads\/2024\/06\/Prozessequipment_EN.jpg 400w, https:\/\/www.three-tec.ch\/wp-content\/uploads\/2024\/06\/Prozessequipment_EN-212x300.jpg 212w, https:\/\/www.three-tec.ch\/wp-content\/uploads\/2024\/06\/Prozessequipment_EN-8x12.jpg 8w\" sizes=\"(max-width: 400px) 100vw, 400px\" title=\"Process equipment\" onerror=\"this.style.display='none'\"  \/>\n\t\t\t\t\t\t\t\t\t\t\t\t\t<\/a>\n\t<p>Process equipment<\/p>\n\t\t\t\t\t\t\t\t<a href=\"https:\/\/www.three-tec.ch\/wp-content\/uploads\/2026\/01\/Datasheet_Extruder_5-18_kl.pdf\" target=\"_blank\" itemprop=\"url\" rel=\"noopener\">\n\t\t\t\t\t\t\t\t\t<img loading=\"lazy\" decoding=\"async\" src=\"https:\/\/www.three-tec.ch\/wp-content\/uploads\/2026\/01\/ZE5-18_EN.jpg\" alt=\"ZE5-18\" itemprop=\"image\" height=\"566\" width=\"400\" srcset=\"https:\/\/www.three-tec.ch\/wp-content\/uploads\/2026\/01\/ZE5-18_EN.jpg 400w, https:\/\/www.three-tec.ch\/wp-content\/uploads\/2026\/01\/ZE5-18_EN-212x300.jpg 212w, https:\/\/www.three-tec.ch\/wp-content\/uploads\/2026\/01\/ZE5-18_EN-8x12.jpg 8w\" sizes=\"(max-width: 400px) 100vw, 400px\" title=\"ZE5-18\" onerror=\"this.style.display='none'\"  \/>\n\t\t\t\t\t\t\t\t\t\t\t\t\t<\/a>\n\t<p>Extruder ZE 5-18<\/p>\n\t\t\t\t\t\t\t\t<a href=\"https:\/\/www.three-tec.ch\/wp-content\/uploads\/2024\/06\/Factsheet_Control_systems_EN.pdf\" target=\"_blank\" itemprop=\"url\" rel=\"noopener\">\n\t\t\t\t\t\t\t\t\t<img loading=\"lazy\" decoding=\"async\" src=\"https:\/\/www.three-tec.ch\/wp-content\/uploads\/2024\/06\/Steuerungen_EN.jpg\" alt=\"Control systems\" itemprop=\"image\" height=\"642\" width=\"454\" srcset=\"https:\/\/www.three-tec.ch\/wp-content\/uploads\/2024\/06\/Steuerungen_EN.jpg 454w, https:\/\/www.three-tec.ch\/wp-content\/uploads\/2024\/06\/Steuerungen_EN-212x300.jpg 212w, https:\/\/www.three-tec.ch\/wp-content\/uploads\/2024\/06\/Steuerungen_EN-8x12.jpg 8w\" sizes=\"(max-width: 454px) 100vw, 454px\" onerror=\"this.style.display='none'\"  \/>\n\t\t\t\t\t\t\t\t\t\t\t\t\t<\/a>\n\t<p>Control systems<\/p>\n\t\t\t\t\t\t\t\t<a href=\"https:\/\/www.three-tec.ch\/wp-content\/uploads\/2026\/01\/Datasheet_Extruder_18-100_kl.pdf\" target=\"_blank\" itemprop=\"url\" rel=\"noopener\">\n\t\t\t\t\t\t\t\t\t<img loading=\"lazy\" decoding=\"async\" src=\"https:\/\/www.three-tec.ch\/wp-content\/uploads\/2026\/01\/ZE18-100_EN.jpg\" alt=\"ZE18-100\" itemprop=\"image\" height=\"566\" width=\"400\" srcset=\"https:\/\/www.three-tec.ch\/wp-content\/uploads\/2026\/01\/ZE18-100_EN.jpg 400w, https:\/\/www.three-tec.ch\/wp-content\/uploads\/2026\/01\/ZE18-100_EN-212x300.jpg 212w, https:\/\/www.three-tec.ch\/wp-content\/uploads\/2026\/01\/ZE18-100_EN-8x12.jpg 8w\" sizes=\"(max-width: 400px) 100vw, 400px\" title=\"ZE18-100\" onerror=\"this.style.display='none'\"  \/>\n\t\t\t\t\t\t\t\t\t\t\t\t\t<\/a>\n\t<p>Extruder ZE 18-100<\/p>\n\t\t\t\t\t\t\t\t<a href=\"https:\/\/www.three-tec.ch\/wp-content\/uploads\/2023\/03\/Flyer_Food_Extrusion_EN.pdf\" target=\"_blank\" itemprop=\"url\" rel=\"noopener\">\n\t\t\t\t\t\t\t\t\t<img loading=\"lazy\" decoding=\"async\" src=\"https:\/\/www.three-tec.ch\/wp-content\/uploads\/2022\/12\/FoodExtrusion_EN.png\" alt=\"Food Extrusion\" itemprop=\"image\" height=\"645\" width=\"454\" srcset=\"https:\/\/www.three-tec.ch\/wp-content\/uploads\/2022\/12\/FoodExtrusion_EN.png 454w, https:\/\/www.three-tec.ch\/wp-content\/uploads\/2022\/12\/FoodExtrusion_EN-211x300.png 211w, https:\/\/www.three-tec.ch\/wp-content\/uploads\/2022\/12\/FoodExtrusion_EN-8x12.png 8w\" sizes=\"(max-width: 454px) 100vw, 454px\" title=\"FoodExtrusion_EN\" onerror=\"this.style.display='none'\"  \/>\n\t\t\t\t\t\t\t\t\t\t\t\t\t<\/a>\n\t<p>Food Extrusion<\/p>\n\t<h2>\n\t\t\t\tContact\n\t\t\t<\/h2>\n\t<p>Haven't found what you were looking for? Then contact us. We will be happy to help you.<\/p>\n\t\t\t<a href=\"https:\/\/www.three-tec.ch\/en\/contact\/\" title=\"Click here\" target=\"_self\"   role=\"button\" aria-label=\"Contact\">\n\t\t\t\t\t\t\tContact\n\t\t<\/a>","protected":false},"excerpt":{"rendered":"<p>Downloads Brosch\u00fcren und Datenbl\u00e4tter &#8211; hier finden Sie die passenden Unterlagen Brosch\u00fcren Unternehmensbrosch\u00fcre Datenbl\u00e4tter Ein- und Doppelschneckendosierger\u00e4te Laborextruder Hybrid Flachbodendosierger\u00e4te Prozessequipment Extruder ZE 5-18 Steuerungen Extruder ZE 18-100 Food Extrusion Kontakt Sie haben nicht gefunden, wonach Sie gesucht haben? Dann kontaktieren Sie uns. Wir helfen Ihnen gerne weiter. Kontakt<\/p>","protected":false},"author":4,"featured_media":0,"parent":0,"menu_order":0,"comment_status":"closed","ping_status":"closed","template":"","meta":{"_acf_changed":false,"_seopress_robots_primary_cat":"","_seopress_titles_title":"Downloads | Three Tec","_seopress_titles_desc":"Brosch\u00fcren, Flyer und mehr \u2013 hier finden Sie die passenden Unterlagen.","_seopress_robots_index":"","site-sidebar-layout":"no-sidebar","site-content-layout":"page-builder","ast-site-content-layout":"full-width-container","site-content-style":"unboxed","site-sidebar-style":"unboxed","ast-global-header-display":"","ast-banner-title-visibility":"","ast-main-header-display":"","ast-hfb-above-header-display":"","ast-hfb-below-header-display":"","ast-hfb-mobile-header-display":"","site-post-title":"disabled","ast-breadcrumbs-content":"","ast-featured-img":"disabled","footer-sml-layout":"","ast-disable-related-posts":"","theme-transparent-header-meta":"default","adv-header-id-meta":"","stick-header-meta":"default","header-above-stick-meta":"","header-main-stick-meta":"","header-below-stick-meta":"","astra-migrate-meta-layouts":"set","ast-page-background-enabled":"default","ast-page-background-meta":{"desktop":{"background-color":"","background-image":"","background-repeat":"repeat","background-position":"center center","background-size":"auto","background-attachment":"scroll","background-type":"","background-media":"","overlay-type":"","overlay-color":"","overlay-opacity":"","overlay-gradient":""},"tablet":{"background-color":"","background-image":"","background-repeat":"repeat","background-position":"center center","background-size":"auto","background-attachment":"scroll","background-type":"","background-media":"","overlay-type":"","overlay-color":"","overlay-opacity":"","overlay-gradient":""},"mobile":{"background-color":"","background-image":"","background-repeat":"repeat","background-position":"center center","background-size":"auto","background-attachment":"scroll","background-type":"","background-media":"","overlay-type":"","overlay-color":"","overlay-opacity":"","overlay-gradient":""}},"ast-content-background-meta":{"desktop":{"background-color":"var(--ast-global-color-5)","background-image":"","background-repeat":"repeat","background-position":"center center","background-size":"auto","background-attachment":"scroll","background-type":"","background-media":"","overlay-type":"","overlay-color":"","overlay-opacity":"","overlay-gradient":""},"tablet":{"background-color":"var(--ast-global-color-5)","background-image":"","background-repeat":"repeat","background-position":"center center","background-size":"auto","background-attachment":"scroll","background-type":"","background-media":"","overlay-type":"","overlay-color":"","overlay-opacity":"","overlay-gradient":""},"mobile":{"background-color":"var(--ast-global-color-5)","background-image":"","background-repeat":"repeat","background-position":"center center","background-size":"auto","background-attachment":"scroll","background-type":"","background-media":"","overlay-type":"","overlay-color":"","overlay-opacity":"","overlay-gradient":""}},"iawp_total_views":666,"footnotes":""},"class_list":["post-1434","page","type-page","status-publish","hentry"],"acf":[],"_links":{"self":[{"href":"https:\/\/www.three-tec.ch\/en\/wp-json\/wp\/v2\/pages\/1434","targetHints":{"allow":["GET"]}}],"collection":[{"href":"https:\/\/www.three-tec.ch\/en\/wp-json\/wp\/v2\/pages"}],"about":[{"href":"https:\/\/www.three-tec.ch\/en\/wp-json\/wp\/v2\/types\/page"}],"author":[{"embeddable":true,"href":"https:\/\/www.three-tec.ch\/en\/wp-json\/wp\/v2\/users\/4"}],"replies":[{"embeddable":true,"href":"https:\/\/www.three-tec.ch\/en\/wp-json\/wp\/v2\/comments?post=1434"}],"version-history":[{"count":11,"href":"https:\/\/www.three-tec.ch\/en\/wp-json\/wp\/v2\/pages\/1434\/revisions"}],"predecessor-version":[{"id":10317,"href":"https:\/\/www.three-tec.ch\/en\/wp-json\/wp\/v2\/pages\/1434\/revisions\/10317"}],"wp:attachment":[{"href":"https:\/\/www.three-tec.ch\/en\/wp-json\/wp\/v2\/media?parent=1434"}],"curies":[{"name":"wp","href":"https:\/\/api.w.org\/{rel}","templated":true}]}}