{"id":18,"date":"2017-08-01T12:08:43","date_gmt":"2017-08-01T12:08:43","guid":{"rendered":"https:\/\/www.three-tec.ch\/contact\/"},"modified":"2026-02-18T14:43:13","modified_gmt":"2026-02-18T13:43:13","slug":"contact","status":"publish","type":"page","link":"https:\/\/www.three-tec.ch\/en\/kontakt\/","title":{"rendered":"Contact"},"content":{"rendered":"<h1>Contact<\/h1>\t\t\t\t\t\n\t\t\t<p>You have questions? We have answers. Contact us.<\/p>\t\t\n\t<ul>\n\t\t\t<li>\n\t\t\t<h6>\n\t\t\t<a href=\"#anfahrt\" target=\"_self\"  data-hover=\"Anfahrt\" aria-label=\"Directions\">Directions<\/a>\n\t\t\t<\/h6>\n\t\t<\/li>\n\t\t\t\t\t<li>\n\t\t\t<h6>\n\t\t\t<a href=\"#personen\" target=\"_self\"  data-hover=\"Personen\" aria-label=\"People\">People<\/a>\n\t\t\t<\/h6>\n\t\t<\/li>\n\t\t\t\t\t<li>\n\t\t\t<h6>\n\t\t\t<a href=\"#vertrieb\" target=\"_self\"  data-hover=\"Vertrieb\" aria-label=\"Distribution\">Distribution<\/a>\n\t\t\t<\/h6>\n\t\t<\/li>\n\t\t\t\t\t<li>\n\t\t\t<h6>\n\t\t\t<a href=\"#formular\" target=\"_self\"  data-hover=\"Kontaktformular\" aria-label=\"Contact form\">Contact form<\/a>\n\t\t\t<\/h6>\n\t\t<\/li>\n\t\t\t\t<\/ul>\n\t<h2>\n\t\t\t\tHow to find us\n\t\t\t<\/h2>\n\t<strong>Three-Tec GmbH<\/strong><br \/>\nBirren 20<br \/>\n5703 Seon<br \/>\nSwitzerland<br \/>\n\n<a href=\"tel:+41625105100\">+41 (0)62 510 51 00<\/a><br \/>\n<a href=\"\/en\/&\/#109;&#097;&#105;&#108;&#116;&#111;&#058;&#105;&#110;&#102;&#111;&#064;&#116;&#104;&#114;&#101;&#101;&#045;&#116;&#101;&#099;&#046;&#099;&#104;\">Send e-mail<\/a>\n<figure itemscope itemtype=\"https:\/\/schema.org\/ImageObject\">\n\t\t\t\t<img decoding=\"async\" src=\"https:\/\/www.three-tec.ch\/wp-content\/uploads\/2025\/04\/Standort_neu.jpg\" alt=\"Location_new\" height=\"281\" width=\"500\" title=\"Location_new\" onerror=\"this.style.display='none'\" loading=\"lazy\" \/>\n\t<\/figure>\n\t<iframe src=\"https:\/\/www.google.com\/maps\/embed\/v1\/place?q=Three-Tec+GmbH%0AIndustrie+Birren+20%0ACH+-+5703+Seon&#038;key=AIzaSyD09zQ9PNDNNy9TadMuzRV_UsPUoWKntt8\" aria-hidden=\"true\"><\/iframe>\n\t<h2>\n\t\t\t\tPeople\n\t\t\t<\/h2>\n\t\t\t<p>Here you will find the direct contact person for your specific inquiries. You can send us all other messages using the form below. <a href=\"https:\/\/www.three-tec.ch\/en\/contact\/#formular\">Contact form<\/a> transmit.<\/p>\t\n                        <img loading=\"lazy\" decoding=\"async\" src=\"https:\/\/www.three-tec.ch\/wp-content\/uploads\/bb-plugin\/cache\/MW_G-circle.jpg\" alt=\"MW_G\" itemprop=\"image\" height=\"400\" width=\"400\" title=\"MW_G\"  \/>\n\t\t                    <h4>Mike Wipf<\/h4>\n        \t\t        \t\t        \t<p>Managing Director<\/p>\n<a href=\"tel:+41625105115\">+41 (0)62 510 51 15<\/a><br \/>\n<a href=\"\/en\/&\/#109;&#x61;&#105;&#x6c;&#116;&#x6f;:&#x6d;i&#107;&#x65;&#46;&#x77;&#105;&#x70;f&#x40;t&#104;&#x72;&#101;&#x65;&#45;&#x74;&#101;&#x63;&#46;&#x63;h\">Send e-mail<\/a>\n                        <img loading=\"lazy\" decoding=\"async\" src=\"https:\/\/www.three-tec.ch\/wp-content\/uploads\/bb-plugin\/cache\/SW_G-circle.jpg\" alt=\"SW_G\" itemprop=\"image\" height=\"400\" width=\"400\" title=\"SW_G\"  \/>\n\t\t                    <h4>Sonja Wipf<\/h4>\n        \t\t        \t\t        \t<p>Management \/ Administration<a href=\"tel:+41625105112\">+41 (0)62 510 51 12<\/a><br \/><a href=\"\/en\/ma&\/#105;&#108;&#x74;&#x6f;&#x3a;&#x69;nf&#111;&#64;&#x74;&#x68;&#x72;&#x65;e-&#116;&#101;&#99;&#x2e;&#x63;&#x68;\">Send e-mail<\/a><\/p>\n                        <img loading=\"lazy\" decoding=\"async\" src=\"https:\/\/www.three-tec.ch\/wp-content\/uploads\/bb-plugin\/cache\/FR_G-circle.jpg\" alt=\"FR_G\" itemprop=\"image\" height=\"400\" width=\"400\" title=\"FR_G\"  \/>\n\t\t                    <h4>Fabian Rey<\/h4>\n        \t\t        \t\t        \t<p>Your contact for sales<\/p>\n<a href=\"tel:+41625105124\">+41 (0)62 510 51 24<\/a><br \/>\n<a href=\"\/en\/&\/#109;&#097;&#105;&#108;&#116;&#111;&#058;&#102;&#097;&#098;&#105;&#097;&#110;&#046;&#114;&#101;&#121;&#064;&#116;&#104;&#114;&#101;&#101;&#045;&#116;&#101;&#099;&#046;&#099;&#104;\">Send e-mail<\/a>\n                        <img loading=\"lazy\" decoding=\"async\" src=\"https:\/\/www.three-tec.ch\/wp-content\/uploads\/bb-plugin\/cache\/DW_G-circle.jpg\" alt=\"DW_G\" itemprop=\"image\" height=\"400\" width=\"400\" title=\"DW_G\"  \/>\n\t\t                    <h4>Daniel Widmer<\/h4>\n        \t\t        \t\t        \t<p>Your contact for sales<a href=\"tel:+41625105123\">+41 (0)62 510 51 23<\/a><br \/><a href=\"\/en\/&\/#109;&#x61;&#105;&#x6c;&#116;&#x6f;&#58;&#x64;&#97;&#x6e;&#105;&#x65;&#108;&#x2e;&#119;&#x69;&#100;&#x6d;&#101;&#x72;&#64;&#x74;&#104;&#x72;&#101;&#x65;&#45;&#x74;&#101;&#x63;&#46;&#x63;&#104;\">Send e-mail<\/a><\/p>\n                        <img loading=\"lazy\" decoding=\"async\" src=\"https:\/\/www.three-tec.ch\/wp-content\/uploads\/bb-plugin\/cache\/BE-circle.jpg\" alt=\"BE\" itemprop=\"image\" height=\"400\" width=\"400\" title=\"BE\"  \/>\n\t\t                    <h4>Benedikt Erdmann<\/h4>\n        \t\t        \t\t        \t<p>Your contact person for the test lab<a href=\"tel:+41625105128\">+41 (0)62 510 51 28<\/a><br \/><a href=\"\/en\/&\/#109;&#x61;&#105;&#x6c;&#116;&#x6f;&#58;&#x62;&#101;&#x6e;&#101;&#x64;&#105;&#x6b;&#116;&#x2e;&#101;&#x72;&#100;&#x6d;&#97;&#x6e;&#110;&#x40;&#116;&#x68;&#114;&#x65;&#101;&#x2d;&#116;&#x65;&#99;&#x2e;&#99;&#x68;\">Send e-mail<\/a><\/p>\n\t<h2>\n\t\t\t\tDistribution worldwide\n\t\t\t<\/h2>\n\t<p><strong>Direct Sales<\/strong><\/p>\nThree-Tec GmbH<br \/>\nBirren 20<br \/>\n5703 Seon<br \/>\nSwitzerland\n<a href=\"tel:+41625105100\">+41 (0)62 510 51 00<\/a><br \/>\n<a href=\"\/en\/&\/#109;&#097;&#105;&#108;&#116;&#111;&#058;&#105;&#110;&#102;&#111;&#064;&#116;&#104;&#114;&#101;&#101;&#045;&#116;&#101;&#099;&#046;&#099;&#104;\">Send e-mail<\/a>\n\t<p>With our own sales organization, we distribute our products worldwide. In some countries, selected partners take over the distribution. Below you will find the contacts of our partners and their sales regions.<\/p>\n\t<h3>\n\t\t\t\tSales partners\n\t\t\t<\/h3>\n\t<div class=\"map_wrapper\" id=\"map_wrapper_4811\">\n<div class=\"map_box\" style=\"max-width:2000px\">\n<div class=\"map_aspect_ratio\" style=\"padding-top:56%\" data-padding-top=\"56%\" data-padding-top-mobile=\"0%\">\n<div class=\"map_container\">\n<div class=\"map_render map_loading\" id=\"map_4811\"><\/div>\n<\/div>\n<\/div>\n<\/div>\n<\/div>\n\t<p><strong>China<\/strong><\/p>\nYong Hui Han<br \/>\nRM 601, BLDG 15, Lane 618, Dingyuan Road<br \/>\n201616 Shanghai<br \/>\nChina\nTel: +86 17717536946<br \/>\n<a href=\"\/en\/&\/#x6d;a&#x69;l&#x74;&#111;&#x3a;&#105;n&#x66;o&#x40;&#104;&#x73;&#109;&#x2d;&#115;h&#x2e;c&#x6f;&#109;\">Send e-mail<\/a><br \/>\n<a href=\"http:\/\/www.hsm-sh.com\" target=\"_blank\" rel=\"noopener\">www.hsm-sh.com<\/a>\n\t<strong>Great Britain<br \/>\n<\/strong>\nFriedheim International Ltd<br \/>\nUnit 1 Zodiac, Boundary Way<br \/>\nHemel Hempstead, HP2 7SJ<br \/>\nEngland\n<a href=\"\/en\/&\/#x6d;&#97;i&#x6c;&#x74;&#111;:&#x6e;&#x72;&#101;z&#x61;&#x69;&#101;&#64;&#x66;&#x72;&#105;e&#x64;&#104;&#101;i&#x6d;&#46;c&#x6f;&#x2e;&#117;k\">Send e-mail<\/a><br \/>\n<a href=\"https:\/\/www.friedheim.co.uk\/\" target=\"_blank\" rel=\"noopener\">www.friedheim.co.uk<\/a>\n\t<p><strong>Italy<\/strong><\/p>\nALVE Strumenti di Paolo Venti<br \/>\nVia Andorra 8<br \/>\n35127 Padova<br \/>\nItaly\nTel: +39 498702234<br \/>\n<a href=\"\/en\/m&\/#97;&#x69;&#x6c;t&#111;&#x3a;&#x69;n&#102;&#x6f;&#x40;a&#108;&#x76;&#x65;s&#116;&#x72;&#x75;m&#101;&#110;&#x74;&#x69;&#46;&#105;&#x74;\">Send e-mail<\/a><br \/>\n<a href=\"https:\/\/www.alvestrumenti.it\/\" target=\"_blank\" rel=\"noopener\">www.alvestrumenti.it<\/a>\n\t<p><strong>India<\/strong><\/p>\nInos Technologies Pvt. Ltd.<br \/>\n452\/3\/4\/5, C Block, Sobo Center, Gala Gymkhana Road, Off S.P.Ring Road, South Bopal, Ahmedabad<br \/>\n380058, Gujarat<br \/>\nIndia\nTel: +91 02717408296<br \/>\n<a href=\"mailto: &#115;&#x65;&#101;&#x6d;a&#64;&#x69;&#110;&#x6f;s&#x2e;i&#110;\">Send e-mail<\/a><br \/>\n<a href=\"https:\/\/inos.in\/\" target=\"_blank\" rel=\"noopener\">www.inos.in<\/a>\n\t<strong>Japan &amp; South Korea<br \/>\n<\/strong>\nNara Machinery Co., Ltd.<br \/>\n2-5-7, Jonan-jima, Ota-ku,<br \/>\nTokyo, 143-0002<br \/>\nJapan\nTel: +81 337908051<br \/>\n<a href=\"\/en\/&\/#x6d;a&#x69;&#108;t&#x6f;&#58;&#x70;&#x74;m&#x2d;&#110;a&#x72;&#97;&#x40;&#110;a&#x72;&#97;-&#x6d;&#46;&#x63;&#111;&#46;&#x6a;&#112;\">Send e-mail<\/a><br \/>\n<a href=\"https:\/\/www.nara-m.co.jp\/\" target=\"_blank\" rel=\"noopener\">www.nara-m.co.jp<\/a>\n\t<strong>Spain<br \/>\n<\/strong>\nAguilar &amp; Pineda<br \/>\nEduardo De Pineda<br \/>\nC\/ Mallorca<br \/>\n279 Pral. 3\u00aa<br \/>\n08037 Barcelona<br \/>\nSpain\nTel: +34 933003051<br \/>\n<a href=\"\/en\/m&\/#97;&#105;&#x6c;&#x74;o:&#101;&#100;&#x65;&#x70;in&#101;&#100;&#x61;&#x40;ag&#117;&#x69;&#x6c;&#x61;r&#112;&#105;&#x6e;&#x65;&#x64;a&#46;&#101;&#x73;\">Send e-mail<\/a><br \/>\n<a href=\"https:\/\/www.aguilarpineda.es\/\" target=\"_blank\" rel=\"noopener\">www.aguilarpineda.es<\/a>\n\t<strong>South America &amp; USA<br \/>\n<\/strong>\nXceptional Instruments<br \/>\n371 Hoes Ln<br \/>\nSuite 200 -206<br \/>\nPiscataway, NJ 08854<br \/>\nUSA\nTel: +1 3157504345<br \/>\n<a href=\"\/en\/&\/#x6d;&#x61;&#105;l&#x74;&#x6f;&#58;&#115;a&#x6c;&#x65;&#115;&#64;x&#x63;&#x65;&#112;ti&#x6f;&#x6e;&#97;l&#x69;&#x6e;&#115;&#116;r&#x75;&#x6d;&#101;&#110;t&#x73;&#x2e;&#99;om\">Send e-mail<\/a><br \/>\n<a href=\"http:\/\/www.xceptional-instruments.com\/\" target=\"_blank\" rel=\"noopener\">www.xceptional-instruments.com<\/a>\n<h2>\n\t\t\tContact us\t<\/h2>\n\t<p>Do you have questions about our products or services? Do you need more information about feeding and extrusion technology? Or do you want to become part of our team? We are at your disposal and will get back to you as soon as possible.<\/p>","protected":false},"excerpt":{"rendered":"<p>Kontakt Sie haben Fragen? Wir haben Antworten. Kontaktieren Sie uns. Anfahrt Personen Vertrieb Kontaktformular So finden Sie uns Three-Tec GmbH Birren 20 5703 Seon Schweiz +41 (0)62 510 51 00 E-Mail senden Personen Hier finden Sie die direkte Ansprechperson f\u00fcr Ihre ganz konkreten Anfragen. Alle anderen Mitteilungen k\u00f6nnen Sie uns gerne \u00fcber das untenstehende Kontaktformular [&hellip;]<\/p>\n","protected":false},"author":1,"featured_media":0,"parent":0,"menu_order":0,"comment_status":"closed","ping_status":"closed","template":"","meta":{"_acf_changed":false,"_seopress_robots_primary_cat":"","_seopress_titles_title":"Kontakt | Three-Tec","_seopress_titles_desc":"Sie haben Fragen? Wir haben Antworten. Kontaktieren Sie uns \u00fcber  unsere Empfangsnummer, die direkten Kontakte oder \u00fcber unser Kontaktformular.","_seopress_robots_index":"","site-sidebar-layout":"no-sidebar","site-content-layout":"page-builder","ast-site-content-layout":"full-width-container","site-content-style":"unboxed","site-sidebar-style":"unboxed","ast-global-header-display":"","ast-banner-title-visibility":"","ast-main-header-display":"","ast-hfb-above-header-display":"","ast-hfb-below-header-display":"","ast-hfb-mobile-header-display":"","site-post-title":"disabled","ast-breadcrumbs-content":"","ast-featured-img":"disabled","footer-sml-layout":"","ast-disable-related-posts":"","theme-transparent-header-meta":"default","adv-header-id-meta":"","stick-header-meta":"default","header-above-stick-meta":"","header-main-stick-meta":"","header-below-stick-meta":"","astra-migrate-meta-layouts":"set","ast-page-background-enabled":"default","ast-page-background-meta":{"desktop":{"background-color":"","background-image":"","background-repeat":"repeat","background-position":"center center","background-size":"auto","background-attachment":"scroll","background-type":"","background-media":"","overlay-type":"","overlay-color":"","overlay-opacity":"","overlay-gradient":""},"tablet":{"background-color":"","background-image":"","background-repeat":"repeat","background-position":"center center","background-size":"auto","background-attachment":"scroll","background-type":"","background-media":"","overlay-type":"","overlay-color":"","overlay-opacity":"","overlay-gradient":""},"mobile":{"background-color":"","background-image":"","background-repeat":"repeat","background-position":"center center","background-size":"auto","background-attachment":"scroll","background-type":"","background-media":"","overlay-type":"","overlay-color":"","overlay-opacity":"","overlay-gradient":""}},"ast-content-background-meta":{"desktop":{"background-color":"var(--ast-global-color-5)","background-image":"","background-repeat":"repeat","background-position":"center center","background-size":"auto","background-attachment":"scroll","background-type":"","background-media":"","overlay-type":"","overlay-color":"","overlay-opacity":"","overlay-gradient":""},"tablet":{"background-color":"var(--ast-global-color-5)","background-image":"","background-repeat":"repeat","background-position":"center center","background-size":"auto","background-attachment":"scroll","background-type":"","background-media":"","overlay-type":"","overlay-color":"","overlay-opacity":"","overlay-gradient":""},"mobile":{"background-color":"var(--ast-global-color-5)","background-image":"","background-repeat":"repeat","background-position":"center center","background-size":"auto","background-attachment":"scroll","background-type":"","background-media":"","overlay-type":"","overlay-color":"","overlay-opacity":"","overlay-gradient":""}},"iawp_total_views":3807,"footnotes":""},"class_list":["post-18","page","type-page","status-publish","hentry"],"acf":[],"_links":{"self":[{"href":"https:\/\/www.three-tec.ch\/en\/wp-json\/wp\/v2\/pages\/18","targetHints":{"allow":["GET"]}}],"collection":[{"href":"https:\/\/www.three-tec.ch\/en\/wp-json\/wp\/v2\/pages"}],"about":[{"href":"https:\/\/www.three-tec.ch\/en\/wp-json\/wp\/v2\/types\/page"}],"author":[{"embeddable":true,"href":"https:\/\/www.three-tec.ch\/en\/wp-json\/wp\/v2\/users\/1"}],"replies":[{"embeddable":true,"href":"https:\/\/www.three-tec.ch\/en\/wp-json\/wp\/v2\/comments?post=18"}],"version-history":[{"count":11,"href":"https:\/\/www.three-tec.ch\/en\/wp-json\/wp\/v2\/pages\/18\/revisions"}],"predecessor-version":[{"id":10469,"href":"https:\/\/www.three-tec.ch\/en\/wp-json\/wp\/v2\/pages\/18\/revisions\/10469"}],"wp:attachment":[{"href":"https:\/\/www.three-tec.ch\/en\/wp-json\/wp\/v2\/media?parent=18"}],"curies":[{"name":"wp","href":"https:\/\/api.w.org\/{rel}","templated":true}]}}